{"id":39,"date":"2020-05-25T04:31:38","date_gmt":"2020-05-25T04:31:38","guid":{"rendered":"http:\/\/aeana.org.ar\/wp\/?page_id=39"},"modified":"2024-02-02T16:10:54","modified_gmt":"2024-02-02T19:10:54","slug":"comision-directiva","status":"publish","type":"page","link":"https:\/\/aeana.org.ar\/wp\/comision-directiva\/","title":{"rendered":"Comisi\u00f3n Directiva"},"content":{"rendered":"\n<h4 class=\"wp-block-heading has-text-align-center\"><strong><em>(Actualizaci\u00f3n marzo 2022)<\/em><\/strong><br>Durante el per\u00edodo 2019-2023.<\/h4>\n\n\n\n<figure class=\"wp-block-table is-style-stripes\"><table><tbody><tr><td>Presidente<\/td><td>Guillermo F. Potenza<\/td><\/tr><tr><td>Vicepresidenta<\/td><td>Rosa N\u00e9lida Garc\u00eda<\/td><\/tr><tr><td>Vicepresidente 1\u00b0<\/td><td>Oscar Manuel Iglesias<\/td><\/tr><tr><td>Vicepresidente 2\u00b0<\/td><td>Gladys Liliana Morando<\/td><\/tr><tr><td>Secretaria<\/td><td>Igoillo Adriana M.<\/td><\/tr><tr><td>Prosecretario<\/td><td>Piazza Sergio<\/td><\/tr><tr><td>Tesorero<\/td><td>Hugo Ricardo Duchini Moreno<\/td><\/tr><tr><td>Protesorero<\/td><td>Pellegrini Adolfo Horacio<\/td><\/tr><\/tbody><\/table><\/figure>\n\n\n\n<div style=\"height:25px\" aria-hidden=\"true\" class=\"wp-block-spacer\"><\/div>\n\n\n\n<figure class=\"wp-block-table is-style-stripes\"><table><tbody><tr><td>Vocal Titular 1\u00ba<\/td><td>Quintela Teresa V.<\/td><\/tr><tr><td>Vocal Titular 2\u00ba<\/td><td>Noceti Carlos Ignacio<\/td><\/tr><tr><td>Vocal Titular 3\u00ba<\/td><td>Petrizzo Mirta Edith<\/td><\/tr><tr><td>Vocal Titular 4\u00ba<\/td><td>Parrachini Nicol\u00e1s<\/td><\/tr><tr><td>Vocal Titular 5\u00ba<\/td><td>Cordiglia Pablo<\/td><\/tr><tr><td>Vocal Titular 6\u00ba<\/td><td>Oppenheimer Andres Ernesto<\/td><\/tr><\/tbody><\/table><\/figure>\n\n\n\n<div style=\"height:25px\" aria-hidden=\"true\" class=\"wp-block-spacer\"><\/div>\n\n\n\n<figure class=\"wp-block-table is-style-stripes\"><table><tbody><tr><td>Vocal Suplente 1\u00ba<\/td><td>Giacomozzi Diana<\/td><\/tr><tr><td>Vocal Suplente 2\u00ba<\/td><td>Pont Benito<\/td><\/tr><tr><td>Vocal Suplente 3\u00ba<\/td><td>Acosta Osvaldo Javier<\/td><\/tr><tr><td>Vocal Suplente 4\u00ba<\/td><td>Lizarraga Raul Alberto<\/td><\/tr><tr><td>Vocal Suplente 5\u00ba<\/td><td>Zamudio\u00a0 Norma Beatriz<\/td><\/tr><tr><td>Vocal Suplente 6\u00ba<\/td><td>Basadre Perez Luis Martin<\/td><\/tr><\/tbody><\/table><\/figure>\n\n\n\n<div style=\"height:25px\" aria-hidden=\"true\" class=\"wp-block-spacer\"><\/div>\n\n\n\n<h4 class=\"wp-block-heading\">\u00d3rgano Fiscalizador<\/h4>\n\n\n\n<div style=\"height:25px\" aria-hidden=\"true\" class=\"wp-block-spacer\"><\/div>\n\n\n\n<figure class=\"wp-block-table is-style-stripes\"><table><tbody><tr><td>Fiscalizador Titular 1\u00ba<\/td><td>Jos\u00e9 Mar\u00eda Reale<\/td><\/tr><tr><td>Fiscalizador Titular 2\u00ba<\/td><td>Guillermo Daniel D\u00b4ursi<\/td><\/tr><tr><td>Fiscalizador Titular 3\u00ba<\/td><td>Carlos Rub\u00e9n Cagel<\/td><\/tr><tr><td>Fiscalizador Suplente 1\u00ba<\/td><td>Rita In\u00e9s D\u00b4Angela<\/td><\/tr><tr><td>Fiscalizador Suplente 2\u00ba<\/td><td>Waldovino Marcela del Carmen<\/td><\/tr><tr><td>Fiscalizador Suplente 3\u00ba<\/td><td>Jorge Gabriel Justo<\/td><\/tr><\/tbody><\/table><\/figure>\n","protected":false},"excerpt":{"rendered":"<p>(Actualizaci\u00f3n marzo 2022)Durante el per\u00edodo 2019-2023. Presidente Guillermo F. Potenza Vicepresidenta Rosa N\u00e9lida Garc\u00eda Vicepresidente 1\u00b0 Oscar Manuel Iglesias Vicepresidente[&#8230;]<\/p>\n","protected":false},"author":2,"featured_media":0,"parent":0,"menu_order":0,"comment_status":"closed","ping_status":"closed","template":"template-centered.php","meta":{"footnotes":""},"class_list":["post-39","page","type-page","status-publish","hentry"],"yoast_head":"<!-- This site is optimized with the Yoast SEO plugin v27.4 - https:\/\/yoast.com\/product\/yoast-seo-wordpress\/ -->\n<title>Comisi\u00f3n Directiva - AEANA<\/title>\n<meta name=\"robots\" content=\"index, follow, max-snippet:-1, max-image-preview:large, max-video-preview:-1\" \/>\n<link rel=\"canonical\" href=\"https:\/\/aeana.org.ar\/wp\/comision-directiva\/\" \/>\n<meta property=\"og:locale\" content=\"es_ES\" \/>\n<meta property=\"og:type\" content=\"article\" \/>\n<meta property=\"og:title\" content=\"Comisi\u00f3n Directiva - AEANA\" \/>\n<meta property=\"og:description\" content=\"(Actualizaci\u00f3n marzo 2022)Durante el per\u00edodo 2019-2023. Presidente Guillermo F. Potenza Vicepresidenta Rosa N\u00e9lida Garc\u00eda Vicepresidente 1\u00b0 Oscar Manuel Iglesias Vicepresidente[...]\" \/>\n<meta property=\"og:url\" content=\"https:\/\/aeana.org.ar\/wp\/comision-directiva\/\" \/>\n<meta property=\"og:site_name\" content=\"AEANA\" \/>\n<meta property=\"article:publisher\" content=\"https:\/\/www.facebook.com\/MutualAEANA\/\" \/>\n<meta property=\"article:modified_time\" content=\"2024-02-02T19:10:54+00:00\" \/>\n<meta name=\"twitter:card\" content=\"summary_large_image\" \/>\n<meta name=\"twitter:label1\" content=\"Tiempo de lectura\" \/>\n\t<meta name=\"twitter:data1\" content=\"1 minuto\" \/>\n<script type=\"application\/ld+json\" class=\"yoast-schema-graph\">{\"@context\":\"https:\\\/\\\/schema.org\",\"@graph\":[{\"@type\":\"WebPage\",\"@id\":\"https:\\\/\\\/aeana.org.ar\\\/wp\\\/comision-directiva\\\/\",\"url\":\"https:\\\/\\\/aeana.org.ar\\\/wp\\\/comision-directiva\\\/\",\"name\":\"Comisi\u00f3n Directiva - AEANA\",\"isPartOf\":{\"@id\":\"https:\\\/\\\/aeana.org.ar\\\/wp\\\/#website\"},\"datePublished\":\"2020-05-25T04:31:38+00:00\",\"dateModified\":\"2024-02-02T19:10:54+00:00\",\"breadcrumb\":{\"@id\":\"https:\\\/\\\/aeana.org.ar\\\/wp\\\/comision-directiva\\\/#breadcrumb\"},\"inLanguage\":\"es-AR\",\"potentialAction\":[{\"@type\":\"ReadAction\",\"target\":[\"https:\\\/\\\/aeana.org.ar\\\/wp\\\/comision-directiva\\\/\"]}]},{\"@type\":\"BreadcrumbList\",\"@id\":\"https:\\\/\\\/aeana.org.ar\\\/wp\\\/comision-directiva\\\/#breadcrumb\",\"itemListElement\":[{\"@type\":\"ListItem\",\"position\":1,\"name\":\"Inicio\",\"item\":\"https:\\\/\\\/aeana.org.ar\\\/wp\\\/\"},{\"@type\":\"ListItem\",\"position\":2,\"name\":\"Comisi\u00f3n Directiva\"}]},{\"@type\":\"WebSite\",\"@id\":\"https:\\\/\\\/aeana.org.ar\\\/wp\\\/#website\",\"url\":\"https:\\\/\\\/aeana.org.ar\\\/wp\\\/\",\"name\":\"AEANA\",\"description\":\"AEANA\",\"publisher\":{\"@id\":\"https:\\\/\\\/aeana.org.ar\\\/wp\\\/#organization\"},\"potentialAction\":[{\"@type\":\"SearchAction\",\"target\":{\"@type\":\"EntryPoint\",\"urlTemplate\":\"https:\\\/\\\/aeana.org.ar\\\/wp\\\/?s={search_term_string}\"},\"query-input\":{\"@type\":\"PropertyValueSpecification\",\"valueRequired\":true,\"valueName\":\"search_term_string\"}}],\"inLanguage\":\"es-AR\"},{\"@type\":\"Organization\",\"@id\":\"https:\\\/\\\/aeana.org.ar\\\/wp\\\/#organization\",\"name\":\"AEANA\",\"url\":\"https:\\\/\\\/aeana.org.ar\\\/wp\\\/\",\"logo\":{\"@type\":\"ImageObject\",\"inLanguage\":\"es-AR\",\"@id\":\"https:\\\/\\\/aeana.org.ar\\\/wp\\\/#\\\/schema\\\/logo\\\/image\\\/\",\"url\":\"https:\\\/\\\/aeana.org.ar\\\/wp\\\/wp-content\\\/uploads\\\/2022\\\/04\\\/Logo.jpg\",\"contentUrl\":\"https:\\\/\\\/aeana.org.ar\\\/wp\\\/wp-content\\\/uploads\\\/2022\\\/04\\\/Logo.jpg\",\"width\":149,\"height\":100,\"caption\":\"AEANA\"},\"image\":{\"@id\":\"https:\\\/\\\/aeana.org.ar\\\/wp\\\/#\\\/schema\\\/logo\\\/image\\\/\"},\"sameAs\":[\"https:\\\/\\\/www.facebook.com\\\/MutualAEANA\\\/\"]}]}<\/script>\n<!-- \/ Yoast SEO plugin. -->","yoast_head_json":{"title":"Comisi\u00f3n Directiva - AEANA","robots":{"index":"index","follow":"follow","max-snippet":"max-snippet:-1","max-image-preview":"max-image-preview:large","max-video-preview":"max-video-preview:-1"},"canonical":"https:\/\/aeana.org.ar\/wp\/comision-directiva\/","og_locale":"es_ES","og_type":"article","og_title":"Comisi\u00f3n Directiva - AEANA","og_description":"(Actualizaci\u00f3n marzo 2022)Durante el per\u00edodo 2019-2023. Presidente Guillermo F. Potenza Vicepresidenta Rosa N\u00e9lida Garc\u00eda Vicepresidente 1\u00b0 Oscar Manuel Iglesias Vicepresidente[...]","og_url":"https:\/\/aeana.org.ar\/wp\/comision-directiva\/","og_site_name":"AEANA","article_publisher":"https:\/\/www.facebook.com\/MutualAEANA\/","article_modified_time":"2024-02-02T19:10:54+00:00","twitter_card":"summary_large_image","twitter_misc":{"Tiempo de lectura":"1 minuto"},"schema":{"@context":"https:\/\/schema.org","@graph":[{"@type":"WebPage","@id":"https:\/\/aeana.org.ar\/wp\/comision-directiva\/","url":"https:\/\/aeana.org.ar\/wp\/comision-directiva\/","name":"Comisi\u00f3n Directiva - AEANA","isPartOf":{"@id":"https:\/\/aeana.org.ar\/wp\/#website"},"datePublished":"2020-05-25T04:31:38+00:00","dateModified":"2024-02-02T19:10:54+00:00","breadcrumb":{"@id":"https:\/\/aeana.org.ar\/wp\/comision-directiva\/#breadcrumb"},"inLanguage":"es-AR","potentialAction":[{"@type":"ReadAction","target":["https:\/\/aeana.org.ar\/wp\/comision-directiva\/"]}]},{"@type":"BreadcrumbList","@id":"https:\/\/aeana.org.ar\/wp\/comision-directiva\/#breadcrumb","itemListElement":[{"@type":"ListItem","position":1,"name":"Inicio","item":"https:\/\/aeana.org.ar\/wp\/"},{"@type":"ListItem","position":2,"name":"Comisi\u00f3n Directiva"}]},{"@type":"WebSite","@id":"https:\/\/aeana.org.ar\/wp\/#website","url":"https:\/\/aeana.org.ar\/wp\/","name":"AEANA","description":"AEANA","publisher":{"@id":"https:\/\/aeana.org.ar\/wp\/#organization"},"potentialAction":[{"@type":"SearchAction","target":{"@type":"EntryPoint","urlTemplate":"https:\/\/aeana.org.ar\/wp\/?s={search_term_string}"},"query-input":{"@type":"PropertyValueSpecification","valueRequired":true,"valueName":"search_term_string"}}],"inLanguage":"es-AR"},{"@type":"Organization","@id":"https:\/\/aeana.org.ar\/wp\/#organization","name":"AEANA","url":"https:\/\/aeana.org.ar\/wp\/","logo":{"@type":"ImageObject","inLanguage":"es-AR","@id":"https:\/\/aeana.org.ar\/wp\/#\/schema\/logo\/image\/","url":"https:\/\/aeana.org.ar\/wp\/wp-content\/uploads\/2022\/04\/Logo.jpg","contentUrl":"https:\/\/aeana.org.ar\/wp\/wp-content\/uploads\/2022\/04\/Logo.jpg","width":149,"height":100,"caption":"AEANA"},"image":{"@id":"https:\/\/aeana.org.ar\/wp\/#\/schema\/logo\/image\/"},"sameAs":["https:\/\/www.facebook.com\/MutualAEANA\/"]}]}},"_links":{"self":[{"href":"https:\/\/aeana.org.ar\/wp\/wp-json\/wp\/v2\/pages\/39","targetHints":{"allow":["GET"]}}],"collection":[{"href":"https:\/\/aeana.org.ar\/wp\/wp-json\/wp\/v2\/pages"}],"about":[{"href":"https:\/\/aeana.org.ar\/wp\/wp-json\/wp\/v2\/types\/page"}],"author":[{"embeddable":true,"href":"https:\/\/aeana.org.ar\/wp\/wp-json\/wp\/v2\/users\/2"}],"replies":[{"embeddable":true,"href":"https:\/\/aeana.org.ar\/wp\/wp-json\/wp\/v2\/comments?post=39"}],"version-history":[{"count":4,"href":"https:\/\/aeana.org.ar\/wp\/wp-json\/wp\/v2\/pages\/39\/revisions"}],"predecessor-version":[{"id":10037,"href":"https:\/\/aeana.org.ar\/wp\/wp-json\/wp\/v2\/pages\/39\/revisions\/10037"}],"wp:attachment":[{"href":"https:\/\/aeana.org.ar\/wp\/wp-json\/wp\/v2\/media?parent=39"}],"curies":[{"name":"wp","href":"https:\/\/api.w.org\/{rel}","templated":true}]}}